{"id":7,"date":"2025-11-21T13:18:20","date_gmt":"2025-11-21T13:18:20","guid":{"rendered":"https:\/\/www.godplay.ro\/?page_id=7"},"modified":"2025-11-21T13:33:04","modified_gmt":"2025-11-21T13:33:04","slug":"elementor-7","status":"publish","type":"page","link":"https:\/\/www.godplay.ro\/","title":{"rendered":"Pagina Principala"},"content":{"rendered":"\t\t<div data-elementor-type=\"wp-post\" data-elementor-id=\"7\" class=\"elementor elementor-7\">\n\t\t\t\t<div class=\"elementor-element elementor-element-14adcc1 e-flex e-con-boxed e-con e-parent\" data-id=\"14adcc1\" data-element_type=\"container\">\n\t\t\t\t\t<div class=\"e-con-inner\">\n\t\t\t\t<div class=\"elementor-element elementor-element-f596389 elementor-widget elementor-widget-text-editor\" data-id=\"f596389\" data-element_type=\"widget\" data-widget_type=\"text-editor.default\">\n\t\t\t\t\t\t\t\t\t<!DOCTYPE html>\n<html lang=\"ro\">\n<head>\n    <meta charset=\"UTF-8\">\n    <meta name=\"viewport\" content=\"width=device-width, initial-scale=1.0\">\n    \n    <title>Anun\u021b Important &#8211; Mutare Domeniu<\/title>\n    \n    <style>\n        body {\n            font-family: Arial, sans-serif;\n            text-align: center;\n            padding: 50px;\n            background-color: #f4f4f4;\n            color: #333;\n        }\n        .container {\n            max-width: 1200px;\n            margin: 0 auto;\n            background-color: #fff;\n            padding: 30px;\n            border-radius: 8px;\n            box-shadow: 0 0 10px rgba(0,0,0,0.1);\n        }\n        h1 {\n            color: #d9534f; \/* O culoare de accent ro\u0219iatic\u0103 *\/\n        }\n        .new-domain {\n            font-size: 1.5em;\n            font-weight: bold;\n            color: #5cb85c; \/* O culoare verde pentru noul domeniu *\/\n            margin: 20px 0;\n            display: block;\n        }\n    <\/style>\n<\/head>\n<body>\n    <div class=\"container\">\n        <h1>\ud83d\udd14 Anun\u021b Important: Am F\u0103cut o Mutare!<\/h1>\n        <p>Stimate client,<\/p>\n        <p>V\u0103 mul\u021bumim pentru c\u0103 a\u021bi vizitat **godplay.ro**.<\/p>\n        \n        <p>Dorim s\u0103 v\u0103 anun\u021b\u0103m c\u0103 \u00eentregul magazin de articole pentru **Cas\u0103 \u0219i Gr\u0103din\u0103** a fost transferat \u0219i func\u021bioneaz\u0103 acum sub un nume nou, mai reprezentativ:<\/p>\n        \n        <a href=\"https:\/\/www.bricocasa.ro\" class=\"new-domain\">www.bricocasa.ro<\/a>\n        \n        <p>Ve\u021bi g\u0103si acelea\u0219i produse \u0219i servicii de calitate \u00een noua loca\u021bie.<\/p>\n        \n        <strong><p>V\u0103 rug\u0103m s\u0103 da\u021bi click pe imaginea de mai jos pentru a merge la noul site.<\/p><\/strong>\n    <\/div>\n<\/body>\n<\/html>\t\t\t\t\t\t\t\t<\/div>\n\t\t\t\t<div class=\"elementor-element elementor-element-1d95cec elementor-widget elementor-widget-image\" data-id=\"1d95cec\" data-element_type=\"widget\" data-widget_type=\"image.default\">\n\t\t\t\t\t\t\t\t\t\t\t\t\t\t\t\t<a href=\"https:\/\/www.bricocasa.ro\">\n\t\t\t\t\t\t\t<img fetchpriority=\"high\" decoding=\"async\" width=\"800\" height=\"195\" src=\"https:\/\/www.godplay.ro\/wp-content\/uploads\/2025\/11\/logo-mare-bricocasa.ro_-1024x250.jpg\" class=\"attachment-large size-large wp-image-14\" alt=\"logo bricocasa.ro\" srcset=\"https:\/\/www.godplay.ro\/wp-content\/uploads\/2025\/11\/logo-mare-bricocasa.ro_-1024x250.jpg 1024w, https:\/\/www.godplay.ro\/wp-content\/uploads\/2025\/11\/logo-mare-bricocasa.ro_-300x73.jpg 300w, https:\/\/www.godplay.ro\/wp-content\/uploads\/2025\/11\/logo-mare-bricocasa.ro_-768x188.jpg 768w, https:\/\/www.godplay.ro\/wp-content\/uploads\/2025\/11\/logo-mare-bricocasa.ro_-1536x375.jpg 1536w, https:\/\/www.godplay.ro\/wp-content\/uploads\/2025\/11\/logo-mare-bricocasa.ro_.jpg 2048w\" sizes=\"(max-width: 800px) 100vw, 800px\" \/>\t\t\t\t\t\t\t\t<\/a>\n\t\t\t\t\t\t\t\t\t\t\t\t\t\t\t<\/div>\n\t\t\t\t\t<\/div>\n\t\t\t\t<\/div>\n\t\t\t\t<\/div>\n\t\t","protected":false},"excerpt":{"rendered":"<p>Anun\u021b Important &#8211; Mutare Domeniu \ud83d\udd14 Anun\u021b Important: Am F\u0103cut o Mutare! Stimate client, V\u0103 mul\u021bumim pentru c\u0103 a\u021bi vizitat **godplay.ro**. Dorim s\u0103 v\u0103 anun\u021b\u0103m c\u0103 \u00eentregul magazin de articole pentru **Cas\u0103 \u0219i Gr\u0103din\u0103** a fost transferat \u0219i func\u021bioneaz\u0103 acum sub un nume nou, mai reprezentativ: www.bricocasa.ro Ve\u021bi g\u0103si acelea\u0219i produse \u0219i servicii de calitate [&hellip;]<\/p>\n","protected":false},"author":1,"featured_media":0,"parent":0,"menu_order":0,"comment_status":"closed","ping_status":"closed","template":"","meta":{"footnotes":""},"class_list":["post-7","page","type-page","status-publish","hentry"],"_links":{"self":[{"href":"https:\/\/www.godplay.ro\/index.php\/wp-json\/wp\/v2\/pages\/7","targetHints":{"allow":["GET"]}}],"collection":[{"href":"https:\/\/www.godplay.ro\/index.php\/wp-json\/wp\/v2\/pages"}],"about":[{"href":"https:\/\/www.godplay.ro\/index.php\/wp-json\/wp\/v2\/types\/page"}],"author":[{"embeddable":true,"href":"https:\/\/www.godplay.ro\/index.php\/wp-json\/wp\/v2\/users\/1"}],"replies":[{"embeddable":true,"href":"https:\/\/www.godplay.ro\/index.php\/wp-json\/wp\/v2\/comments?post=7"}],"version-history":[{"count":11,"href":"https:\/\/www.godplay.ro\/index.php\/wp-json\/wp\/v2\/pages\/7\/revisions"}],"predecessor-version":[{"id":25,"href":"https:\/\/www.godplay.ro\/index.php\/wp-json\/wp\/v2\/pages\/7\/revisions\/25"}],"wp:attachment":[{"href":"https:\/\/www.godplay.ro\/index.php\/wp-json\/wp\/v2\/media?parent=7"}],"curies":[{"name":"wp","href":"https:\/\/api.w.org\/{rel}","templated":true}]}}